{"id":16560,"date":"2015-09-14T00:05:19","date_gmt":"2015-09-14T00:05:19","guid":{"rendered":"https:\/\/farelliprofesional.com\/?page_id=16560"},"modified":"2022-07-12T22:59:11","modified_gmt":"2022-07-12T22:59:11","slug":"news","status":"publish","type":"page","link":"https:\/\/farelliprofesional.com\/index.php\/news\/","title":{"rendered":"News"},"content":{"rendered":"<p><div class=\"fusion-fullwidth fullwidth-box fusion-builder-row-1 fusion-flex-container fusion-parallax-none nonhundred-percent-fullwidth non-hundred-percent-height-scrolling lazyload\" style=\"--awb-background-position:center top;--awb-border-sizes-top:0px;--awb-border-sizes-bottom:0px;--awb-border-sizes-left:0px;--awb-border-sizes-right:0px;--awb-border-radius-top-left:0px;--awb-border-radius-top-right:0px;--awb-border-radius-bottom-right:0px;--awb-border-radius-bottom-left:0px;--awb-padding-top:100px;--awb-padding-bottom:90px;--awb-background-size:cover;--awb-flex-wrap:wrap;\" data-bg=\"https:\/\/farelliprofesional.com\/wp-content\/uploads\/2015\/09\/home1_slide_one_bg.jpg\" ><div class=\"fusion-builder-row fusion-row fusion-flex-align-items-flex-start fusion-flex-content-wrap\" style=\"max-width:1216.8px;margin-left: calc(-4% \/ 2 );margin-right: calc(-4% \/ 2 );\"><div class=\"fusion-layout-column fusion_builder_column fusion-builder-column-0 fusion_builder_column_1_1 1_1 fusion-flex-column fusion-flex-align-self-flex-start fusion-column-no-min-height\" style=\"--awb-bg-size:cover;--awb-width-large:100%;--awb-margin-top-large:0px;--awb-spacing-right-large:1.92%;--awb-margin-bottom-large:0px;--awb-spacing-left-large:1.92%;--awb-width-medium:100%;--awb-spacing-right-medium:1.92%;--awb-spacing-left-medium:1.92%;--awb-width-small:100%;--awb-spacing-right-small:1.92%;--awb-spacing-left-small:1.92%;\"><div class=\"fusion-column-wrapper fusion-flex-justify-content-flex-start fusion-content-layout-column\"><div class=\"fusion-title title fusion-title-1 fusion-title-center fusion-title-text fusion-title-size-one\" style=\"--awb-text-color:var(--awb-color1);--awb-margin-bottom:12px;--awb-font-size:52px;\"><div class=\"title-sep-container title-sep-container-left\"><div class=\"title-sep sep- sep-solid\" style=\"border-color:var(--awb-color3);\"><\/div><\/div><span class=\"awb-title-spacer\"><\/span><h1 class=\"fusion-title-heading title-heading-center fusion-responsive-typography-calculated\" style=\"margin:0;font-size:1em;--fontSize:52;line-height:1.23;\">Nuestro Blog<\/h1><span class=\"awb-title-spacer\"><\/span><div class=\"title-sep-container title-sep-container-right\"><div class=\"title-sep sep- sep-solid\" style=\"border-color:var(--awb-color3);\"><\/div><\/div><\/div><div class=\"fusion-text fusion-text-1\" style=\"--awb-content-alignment:center;--awb-font-size:18px;--awb-line-height:30px;--awb-letter-spacing:3px;--awb-text-color:var(--awb-color1);\"><p>LAS ULTIMAS NOVEDADES Y NOTICIAS<\/p>\n<\/div><\/div><\/div><\/div><\/div><div class=\"fusion-fullwidth fullwidth-box fusion-builder-row-2 fusion-flex-container nonhundred-percent-fullwidth non-hundred-percent-height-scrolling\" style=\"--awb-background-position:left top;--awb-border-sizes-top:0px;--awb-border-sizes-bottom:0px;--awb-border-sizes-left:0px;--awb-border-sizes-right:0px;--awb-border-radius-top-left:0px;--awb-border-radius-top-right:0px;--awb-border-radius-bottom-right:0px;--awb-border-radius-bottom-left:0px;--awb-padding-top:80px;--awb-padding-bottom:0px;--awb-flex-wrap:wrap;\" ><div class=\"fusion-builder-row fusion-row fusion-flex-align-items-flex-start fusion-flex-content-wrap\" style=\"max-width:calc( 1170px + 0px );margin-left: calc(-0px \/ 2 );margin-right: calc(-0px \/ 2 );\"><div class=\"fusion-layout-column fusion_builder_column fusion-builder-column-1 fusion_builder_column_1_1 1_1 fusion-flex-column fusion-flex-align-self-flex-start fusion-column-no-min-height\" style=\"--awb-bg-size:cover;--awb-width-large:100%;--awb-margin-top-large:0px;--awb-spacing-right-large:0px;--awb-margin-bottom-large:0px;--awb-spacing-left-large:0px;--awb-width-medium:100%;--awb-spacing-right-medium:0px;--awb-spacing-left-medium:0px;--awb-width-small:100%;--awb-spacing-right-small:0px;--awb-spacing-left-small:0px;\"><div class=\"fusion-column-wrapper fusion-flex-justify-content-flex-start fusion-content-layout-column\"><div class=\"fusion-blog-shortcode fusion-blog-shortcode-1 fusion-blog-archive fusion-blog-layout-grid-wrapper fusion-blog-infinite\"><style type=\"text\/css\">.fusion-blog-shortcode-1 .fusion-blog-layout-grid .fusion-post-grid{padding:17.5px;}.fusion-blog-shortcode-1 .fusion-posts-container{margin-left: -17.5px !important; margin-right:-17.5px !important;}<\/style><div class=\"fusion-posts-container fusion-posts-container-infinite fusion-posts-container-load-more fusion-blog-rollover fusion-blog-layout-grid fusion-blog-layout-grid-3 isotope\" data-pages=\"1\" data-grid-col-space=\"35\" style=\"margin: -17.5px -17.5px 0;min-height:500px;\"><article id=\"blog-1-post-20334\" class=\"fusion-post-grid post-20334 post type-post status-publish format-standard has-post-thumbnail hentry category-uncategorized\">\n<div class=\"fusion-post-wrapper\" style=\"background-color:rgba(255,255,255,0);border:1px solid var(--awb-color3);border-bottom-width:3px;\">\n\n\t\t\t<div class=\"fusion-flexslider flexslider fusion-flexslider-loading fusion-post-slideshow\" style=\"border-color:var(--awb-color3);\">\n\t\t<ul class=\"slides\">\n\t\t\t\n\t\t\t\t\t\t\t\t\t\t\t\t\t\t<li><div  class=\"fusion-image-wrapper\" aria-haspopup=\"true\">\n\t\t\t\t<img decoding=\"async\" width=\"320\" height=\"369\" src=\"https:\/\/farelliprofesional.com\/wp-content\/uploads\/2022\/07\/Portada.jpg\" class=\"attachment-full size-full lazyload wp-post-image\" alt=\"\" srcset=\"data:image\/svg+xml,%3Csvg%20xmlns%3D%27http%3A%2F%2Fwww.w3.org%2F2000%2Fsvg%27%20width%3D%27320%27%20height%3D%27369%27%20viewBox%3D%270%200%20320%20369%27%3E%3Crect%20width%3D%27320%27%20height%3D%27369%27%20fill-opacity%3D%220%22%2F%3E%3C%2Fsvg%3E\" data-orig-src=\"https:\/\/farelliprofesional.com\/wp-content\/uploads\/2022\/07\/Portada.jpg\" data-srcset=\"https:\/\/farelliprofesional.com\/wp-content\/uploads\/2022\/07\/Portada-200x231.jpg 200w, https:\/\/farelliprofesional.com\/wp-content\/uploads\/2022\/07\/Portada.jpg 320w\" data-sizes=\"auto\" \/><div class=\"fusion-rollover\">\n\t<div class=\"fusion-rollover-content\">\n\n\t\t\t\t\t\t\t\t\t\t\t\t\t\t<a class=\"fusion-rollover-link\" href=\"https:\/\/farelliprofesional.com\/index.php\/2022\/07\/08\/cortes-de-cabello-para-mujer-en-tendencia-para-el-verano\/\">Cortes de cabello para mujer en tendencia para el verano<\/a>\n\t\t\t\n\t\t\t\t\t\t\t\t\n\t\t\n\t\t\t\t\t\t\t\t\t\t\t\t<h4 class=\"fusion-rollover-title\">\n\t\t\t\t\t<a class=\"fusion-rollover-title-link\" href=\"https:\/\/farelliprofesional.com\/index.php\/2022\/07\/08\/cortes-de-cabello-para-mujer-en-tendencia-para-el-verano\/\">\n\t\t\t\t\t\tCortes de cabello para mujer en tendencia para el verano\t\t\t\t\t<\/a>\n\t\t\t\t<\/h4>\n\t\t\t\n\t\t\t\t\t\t\t\t\n\t\t\n\t\t\t\t\t\t<a class=\"fusion-link-wrapper\" href=\"https:\/\/farelliprofesional.com\/index.php\/2022\/07\/08\/cortes-de-cabello-para-mujer-en-tendencia-para-el-verano\/\" aria-label=\"Cortes de cabello para mujer en tendencia para el verano\"><\/a>\n\t<\/div>\n<\/div>\n<\/div>\n<\/li>\n\t\t\t\n\t\t\t\n\t\t\t\t\t\t\t\t\t\t\t\t\t\t\t\t\t\t\t\t\t\t\t\t\t\t\t\t\t\t\t\t\t\t\t\t\t\t\t\t\t\t\t\t\t\t\t\t\t\t\t\t\t\t\t\t\t\t\t\t\t\t\t\t\t\t\t\t<\/ul>\n\t<\/div>\n\t<div class=\"fusion-post-content-wrapper\" style=\"padding:30px 25px 20px 25px;\"><div class=\"fusion-post-content post-content\"><h2 class=\"blog-shortcode-post-title entry-title\"><a href=\"https:\/\/farelliprofesional.com\/index.php\/2022\/07\/08\/cortes-de-cabello-para-mujer-en-tendencia-para-el-verano\/\">Cortes de cabello para mujer en tendencia para el verano<\/a><\/h2><p class=\"fusion-single-line-meta\">By <span class=\"vcard\"><span class=\"fn\"><a href=\"https:\/\/farelliprofesional.com\/index.php\/author\/farelliprofesional\/\" title=\"Entradas de farelliprofesional\" rel=\"author\">farelliprofesional<\/a><\/span><\/span><span class=\"fusion-inline-sep\">|<\/span><span class=\"updated\" style=\"display:none;\">2022-07-08T17:56:09+00:00<\/span><span>julio 8th, 2022<\/span><span class=\"fusion-inline-sep\">|<\/span><\/p><div class=\"fusion-content-sep sep-double sep-solid\"><\/div><div class=\"fusion-post-content-container\"><p> Los cortes de cabello para mujer en esta temporada recaen sobre los\u00a0Wash &amp; Wear, es decir;<\/p><\/div><\/div><div class=\"fusion-meta-info\"><div class=\"fusion-alignleft\"><a class=\"fusion-read-more\" href=\"https:\/\/farelliprofesional.com\/index.php\/2022\/07\/08\/cortes-de-cabello-para-mujer-en-tendencia-para-el-verano\/\" aria-label=\"More on Cortes de cabello para mujer en tendencia para el verano\">Read More<\/a><\/div><div class=\"fusion-alignright\"><a href=\"https:\/\/farelliprofesional.com\/index.php\/2022\/07\/08\/cortes-de-cabello-para-mujer-en-tendencia-para-el-verano\/#respond\"><i class=\"awb-icon-bubbles\" aria-hidden=\"true\"><\/i>&nbsp;0<\/a><\/div><\/div><\/div><div class=\"fusion-clearfix\"><\/div><\/div>\n<\/article>\n<article id=\"blog-1-post-20327\" class=\"fusion-post-grid post-20327 post type-post status-publish format-standard has-post-thumbnail hentry category-uncategorized\">\n<div class=\"fusion-post-wrapper\" style=\"background-color:rgba(255,255,255,0);border:1px solid var(--awb-color3);border-bottom-width:3px;\">\n\n\t\t\t<div class=\"fusion-flexslider flexslider fusion-flexslider-loading fusion-post-slideshow\" style=\"border-color:var(--awb-color3);\">\n\t\t<ul class=\"slides\">\n\t\t\t\n\t\t\t\t\t\t\t\t\t\t\t\t\t\t<li><div  class=\"fusion-image-wrapper\" aria-haspopup=\"true\">\n\t\t\t\t<img decoding=\"async\" width=\"1600\" height=\"1200\" src=\"https:\/\/farelliprofesional.com\/wp-content\/uploads\/2022\/07\/d07a747e-7642-4fa2-ab3e-8f544f4718fd.jpg\" class=\"attachment-full size-full lazyload wp-post-image\" alt=\"\" srcset=\"data:image\/svg+xml,%3Csvg%20xmlns%3D%27http%3A%2F%2Fwww.w3.org%2F2000%2Fsvg%27%20width%3D%271600%27%20height%3D%271200%27%20viewBox%3D%270%200%201600%201200%27%3E%3Crect%20width%3D%271600%27%20height%3D%271200%27%20fill-opacity%3D%220%22%2F%3E%3C%2Fsvg%3E\" data-orig-src=\"https:\/\/farelliprofesional.com\/wp-content\/uploads\/2022\/07\/d07a747e-7642-4fa2-ab3e-8f544f4718fd.jpg\" data-srcset=\"https:\/\/farelliprofesional.com\/wp-content\/uploads\/2022\/07\/d07a747e-7642-4fa2-ab3e-8f544f4718fd-200x150.jpg 200w, https:\/\/farelliprofesional.com\/wp-content\/uploads\/2022\/07\/d07a747e-7642-4fa2-ab3e-8f544f4718fd-400x300.jpg 400w, https:\/\/farelliprofesional.com\/wp-content\/uploads\/2022\/07\/d07a747e-7642-4fa2-ab3e-8f544f4718fd-600x450.jpg 600w, https:\/\/farelliprofesional.com\/wp-content\/uploads\/2022\/07\/d07a747e-7642-4fa2-ab3e-8f544f4718fd-800x600.jpg 800w, https:\/\/farelliprofesional.com\/wp-content\/uploads\/2022\/07\/d07a747e-7642-4fa2-ab3e-8f544f4718fd-1200x900.jpg 1200w, https:\/\/farelliprofesional.com\/wp-content\/uploads\/2022\/07\/d07a747e-7642-4fa2-ab3e-8f544f4718fd.jpg 1600w\" data-sizes=\"auto\" \/><div class=\"fusion-rollover\">\n\t<div class=\"fusion-rollover-content\">\n\n\t\t\t\t\t\t\t\t\t\t\t\t\t\t<a class=\"fusion-rollover-link\" href=\"https:\/\/farelliprofesional.com\/index.php\/2022\/07\/08\/segundo-modulo-de-color\/\">SEGUNDO MODULO DE COLOR<\/a>\n\t\t\t\n\t\t\t\t\t\t\t\t\n\t\t\n\t\t\t\t\t\t\t\t\t\t\t\t<h4 class=\"fusion-rollover-title\">\n\t\t\t\t\t<a class=\"fusion-rollover-title-link\" href=\"https:\/\/farelliprofesional.com\/index.php\/2022\/07\/08\/segundo-modulo-de-color\/\">\n\t\t\t\t\t\tSEGUNDO MODULO DE COLOR\t\t\t\t\t<\/a>\n\t\t\t\t<\/h4>\n\t\t\t\n\t\t\t\t\t\t\t\t\n\t\t\n\t\t\t\t\t\t<a class=\"fusion-link-wrapper\" href=\"https:\/\/farelliprofesional.com\/index.php\/2022\/07\/08\/segundo-modulo-de-color\/\" aria-label=\"SEGUNDO MODULO DE COLOR\"><\/a>\n\t<\/div>\n<\/div>\n<\/div>\n<\/li>\n\t\t\t\n\t\t\t\n\t\t\t\t\t\t\t\t\t\t\t\t\t\t\t\t\t\t\t\t\t\t\t\t\t\t\t\t\t\t\t\t\t\t\t\t\t\t\t\t\t\t\t\t\t\t\t\t\t\t\t\t\t\t\t\t\t\t\t\t\t\t\t\t\t\t\t\t<\/ul>\n\t<\/div>\n\t<div class=\"fusion-post-content-wrapper\" style=\"padding:30px 25px 20px 25px;\"><div class=\"fusion-post-content post-content\"><h2 class=\"blog-shortcode-post-title entry-title\"><a href=\"https:\/\/farelliprofesional.com\/index.php\/2022\/07\/08\/segundo-modulo-de-color\/\">SEGUNDO MODULO DE COLOR<\/a><\/h2><p class=\"fusion-single-line-meta\">By <span class=\"vcard\"><span class=\"fn\"><a href=\"https:\/\/farelliprofesional.com\/index.php\/author\/farelliprofesional\/\" title=\"Entradas de farelliprofesional\" rel=\"author\">farelliprofesional<\/a><\/span><\/span><span class=\"fusion-inline-sep\">|<\/span><span class=\"updated\" style=\"display:none;\">2022-07-08T17:15:47+00:00<\/span><span>julio 8th, 2022<\/span><span class=\"fusion-inline-sep\">|<\/span><\/p><div class=\"fusion-content-sep sep-double sep-solid\"><\/div><div class=\"fusion-post-content-container\"><p> En este segundo modulo de colorimetr\u00eda con Farelli Profesional hablamos de las tendencias que dominan y<\/p><\/div><\/div><div class=\"fusion-meta-info\"><div class=\"fusion-alignleft\"><a class=\"fusion-read-more\" href=\"https:\/\/farelliprofesional.com\/index.php\/2022\/07\/08\/segundo-modulo-de-color\/\" aria-label=\"More on SEGUNDO MODULO DE COLOR\">Read More<\/a><\/div><div class=\"fusion-alignright\"><a href=\"https:\/\/farelliprofesional.com\/index.php\/2022\/07\/08\/segundo-modulo-de-color\/#respond\"><i class=\"awb-icon-bubbles\" aria-hidden=\"true\"><\/i>&nbsp;0<\/a><\/div><\/div><\/div><div class=\"fusion-clearfix\"><\/div><\/div>\n<\/article>\n<article id=\"blog-1-post-16378\" class=\"fusion-post-grid post-16378 post type-post status-publish format-standard has-post-thumbnail hentry category-markup category-news category-trends tag-avada tag-classic tag-demo tag-store\">\n<div class=\"fusion-post-wrapper\" style=\"background-color:rgba(255,255,255,0);border:1px solid var(--awb-color3);border-bottom-width:3px;\">\n\n\t\t\t<div class=\"fusion-flexslider flexslider fusion-flexslider-loading fusion-post-slideshow\" style=\"border-color:var(--awb-color3);\">\n\t\t<ul class=\"slides\">\n\t\t\t\n\t\t\t\t\t\t\t\t\t\t\t\t\t\t<li><div  class=\"fusion-image-wrapper\" aria-haspopup=\"true\">\n\t\t\t\t<img decoding=\"async\" width=\"1600\" height=\"1200\" src=\"https:\/\/farelliprofesional.com\/wp-content\/uploads\/2015\/09\/f9e39182-a235-44c8-9f01-5aa18cc72df8.jpg\" class=\"attachment-full size-full lazyload wp-post-image\" alt=\"\" srcset=\"data:image\/svg+xml,%3Csvg%20xmlns%3D%27http%3A%2F%2Fwww.w3.org%2F2000%2Fsvg%27%20width%3D%271600%27%20height%3D%271200%27%20viewBox%3D%270%200%201600%201200%27%3E%3Crect%20width%3D%271600%27%20height%3D%271200%27%20fill-opacity%3D%220%22%2F%3E%3C%2Fsvg%3E\" data-orig-src=\"https:\/\/farelliprofesional.com\/wp-content\/uploads\/2015\/09\/f9e39182-a235-44c8-9f01-5aa18cc72df8.jpg\" data-srcset=\"https:\/\/farelliprofesional.com\/wp-content\/uploads\/2015\/09\/f9e39182-a235-44c8-9f01-5aa18cc72df8-200x150.jpg 200w, https:\/\/farelliprofesional.com\/wp-content\/uploads\/2015\/09\/f9e39182-a235-44c8-9f01-5aa18cc72df8-400x300.jpg 400w, https:\/\/farelliprofesional.com\/wp-content\/uploads\/2015\/09\/f9e39182-a235-44c8-9f01-5aa18cc72df8-600x450.jpg 600w, https:\/\/farelliprofesional.com\/wp-content\/uploads\/2015\/09\/f9e39182-a235-44c8-9f01-5aa18cc72df8-800x600.jpg 800w, https:\/\/farelliprofesional.com\/wp-content\/uploads\/2015\/09\/f9e39182-a235-44c8-9f01-5aa18cc72df8-1200x900.jpg 1200w, https:\/\/farelliprofesional.com\/wp-content\/uploads\/2015\/09\/f9e39182-a235-44c8-9f01-5aa18cc72df8.jpg 1600w\" data-sizes=\"auto\" \/><div class=\"fusion-rollover\">\n\t<div class=\"fusion-rollover-content\">\n\n\t\t\t\t\t\t\t\t\t\t\t\t\t\t<a class=\"fusion-rollover-link\" href=\"https:\/\/farelliprofesional.com\/index.php\/2022\/01\/09\/curso-genesis-del-color\/\">CURSO GENESIS DEL COLOR<\/a>\n\t\t\t\n\t\t\t\t\t\t\t\t\n\t\t\n\t\t\t\t\t\t\t\t\t\t\t\t<h4 class=\"fusion-rollover-title\">\n\t\t\t\t\t<a class=\"fusion-rollover-title-link\" href=\"https:\/\/farelliprofesional.com\/index.php\/2022\/01\/09\/curso-genesis-del-color\/\">\n\t\t\t\t\t\tCURSO GENESIS DEL COLOR\t\t\t\t\t<\/a>\n\t\t\t\t<\/h4>\n\t\t\t\n\t\t\t\t\t\t\t\t\n\t\t\n\t\t\t\t\t\t<a class=\"fusion-link-wrapper\" href=\"https:\/\/farelliprofesional.com\/index.php\/2022\/01\/09\/curso-genesis-del-color\/\" aria-label=\"CURSO GENESIS DEL COLOR\"><\/a>\n\t<\/div>\n<\/div>\n<\/div>\n<\/li>\n\t\t\t\n\t\t\t\n\t\t\t\t\t\t\t\t\t\t\t\n\t\t\t\t\t\n\t\t\t\t\t\t\t\t\t\t\t<li>\n\t\t\t\t\t\t\t<div class=\"fusion-image-wrapper\">\n\t\t\t\t\t\t\t\t<a href=\"https:\/\/farelliprofesional.com\/index.php\/2022\/01\/09\/curso-genesis-del-color\/\" aria-label=\"CURSO GENESIS DEL COLOR\">\n\t\t\t\t\t\t\t\t\t<img decoding=\"async\" width=\"1600\" height=\"1200\" src=\"https:\/\/farelliprofesional.com\/wp-content\/uploads\/2022\/01\/b00257d8-521e-46ec-ba3f-9330de7ebea9.jpg\" data-orig-src=\"https:\/\/farelliprofesional.com\/wp-content\/uploads\/2022\/01\/b00257d8-521e-46ec-ba3f-9330de7ebea9.jpg\" alt=\"\" class=\"lazyload wp-image-20313\" role=\"presentation\" srcset=\"data:image\/svg+xml,%3Csvg%20xmlns%3D%27http%3A%2F%2Fwww.w3.org%2F2000%2Fsvg%27%20width%3D%271600%27%20height%3D%271200%27%20viewBox%3D%270%200%201600%201200%27%3E%3Crect%20width%3D%271600%27%20height%3D%271200%27%20fill-opacity%3D%220%22%2F%3E%3C%2Fsvg%3E\" data-srcset=\"https:\/\/farelliprofesional.com\/wp-content\/uploads\/2022\/01\/b00257d8-521e-46ec-ba3f-9330de7ebea9-200x150.jpg 200w, https:\/\/farelliprofesional.com\/wp-content\/uploads\/2022\/01\/b00257d8-521e-46ec-ba3f-9330de7ebea9-400x300.jpg 400w, https:\/\/farelliprofesional.com\/wp-content\/uploads\/2022\/01\/b00257d8-521e-46ec-ba3f-9330de7ebea9-600x450.jpg 600w, https:\/\/farelliprofesional.com\/wp-content\/uploads\/2022\/01\/b00257d8-521e-46ec-ba3f-9330de7ebea9-800x600.jpg 800w, https:\/\/farelliprofesional.com\/wp-content\/uploads\/2022\/01\/b00257d8-521e-46ec-ba3f-9330de7ebea9-1200x900.jpg 1200w, https:\/\/farelliprofesional.com\/wp-content\/uploads\/2022\/01\/b00257d8-521e-46ec-ba3f-9330de7ebea9.jpg 1600w\" data-sizes=\"auto\" data-orig-sizes=\"(min-width: 2200px) 100vw, (min-width: 824px) 367px, (min-width: 732px) 550px, (min-width: 640px) 732px, \" \/>\t\t\t\t\t\t\t\t<\/a>\n\t\t\t\t\t\t\t\t<a style=\"display:none;\" href=\"https:\/\/farelliprofesional.com\/wp-content\/uploads\/2022\/01\/b00257d8-521e-46ec-ba3f-9330de7ebea9.jpg\" data-rel=\"iLightbox[gallery16378]\"  title=\"\" data-title=\"b00257d8-521e-46ec-ba3f-9330de7ebea9\" data-caption=\"\">\n\t\t\t\t\t\t\t\t\t\t\t\t\t\t\t\t\t<\/a>\n\t\t\t\t\t\t\t<\/div>\n\t\t\t\t\t\t<\/li>\n\t\t\t\t\t\t\t\t\t\t\t\t\t\t\t\t\t\t\t\t\t\t\t\t\n\t\t\t\t\t\n\t\t\t\t\t\t\t\t\t\t\t<li>\n\t\t\t\t\t\t\t<div class=\"fusion-image-wrapper\">\n\t\t\t\t\t\t\t\t<a href=\"https:\/\/farelliprofesional.com\/index.php\/2022\/01\/09\/curso-genesis-del-color\/\" aria-label=\"CURSO GENESIS DEL COLOR\">\n\t\t\t\t\t\t\t\t\t<img decoding=\"async\" width=\"1600\" height=\"1200\" src=\"https:\/\/farelliprofesional.com\/wp-content\/uploads\/2022\/01\/7d5f7a76-48fd-40c1-89eb-aa78a06565e3.jpg\" data-orig-src=\"https:\/\/farelliprofesional.com\/wp-content\/uploads\/2022\/01\/7d5f7a76-48fd-40c1-89eb-aa78a06565e3.jpg\" alt=\"\" class=\"lazyload wp-image-20312\" role=\"presentation\" srcset=\"data:image\/svg+xml,%3Csvg%20xmlns%3D%27http%3A%2F%2Fwww.w3.org%2F2000%2Fsvg%27%20width%3D%271600%27%20height%3D%271200%27%20viewBox%3D%270%200%201600%201200%27%3E%3Crect%20width%3D%271600%27%20height%3D%271200%27%20fill-opacity%3D%220%22%2F%3E%3C%2Fsvg%3E\" data-srcset=\"https:\/\/farelliprofesional.com\/wp-content\/uploads\/2022\/01\/7d5f7a76-48fd-40c1-89eb-aa78a06565e3-200x150.jpg 200w, https:\/\/farelliprofesional.com\/wp-content\/uploads\/2022\/01\/7d5f7a76-48fd-40c1-89eb-aa78a06565e3-400x300.jpg 400w, https:\/\/farelliprofesional.com\/wp-content\/uploads\/2022\/01\/7d5f7a76-48fd-40c1-89eb-aa78a06565e3-600x450.jpg 600w, https:\/\/farelliprofesional.com\/wp-content\/uploads\/2022\/01\/7d5f7a76-48fd-40c1-89eb-aa78a06565e3-800x600.jpg 800w, https:\/\/farelliprofesional.com\/wp-content\/uploads\/2022\/01\/7d5f7a76-48fd-40c1-89eb-aa78a06565e3-1200x900.jpg 1200w, https:\/\/farelliprofesional.com\/wp-content\/uploads\/2022\/01\/7d5f7a76-48fd-40c1-89eb-aa78a06565e3.jpg 1600w\" data-sizes=\"auto\" data-orig-sizes=\"(min-width: 2200px) 100vw, (min-width: 824px) 367px, (min-width: 732px) 550px, (min-width: 640px) 732px, \" \/>\t\t\t\t\t\t\t\t<\/a>\n\t\t\t\t\t\t\t\t<a style=\"display:none;\" href=\"https:\/\/farelliprofesional.com\/wp-content\/uploads\/2022\/01\/7d5f7a76-48fd-40c1-89eb-aa78a06565e3.jpg\" data-rel=\"iLightbox[gallery16378]\"  title=\"\" data-title=\"7d5f7a76-48fd-40c1-89eb-aa78a06565e3\" data-caption=\"\">\n\t\t\t\t\t\t\t\t\t\t\t\t\t\t\t\t\t<\/a>\n\t\t\t\t\t\t\t<\/div>\n\t\t\t\t\t\t<\/li>\n\t\t\t\t\t\t\t\t\t\t\t\t\t\t\t\t\t\t\t\t\t\t\t\t\t\t\t\t\t\t\t\t\t\t\t\t\t\t\t\t\t\t\t\t\t\t\t\t\t\t\t<\/ul>\n\t<\/div>\n\t<div class=\"fusion-post-content-wrapper\" style=\"padding:30px 25px 20px 25px;\"><div class=\"fusion-post-content post-content\"><h2 class=\"blog-shortcode-post-title entry-title\"><a href=\"https:\/\/farelliprofesional.com\/index.php\/2022\/01\/09\/curso-genesis-del-color\/\">CURSO GENESIS DEL COLOR<\/a><\/h2><p class=\"fusion-single-line-meta\">By <span class=\"vcard\"><span class=\"fn\"><a href=\"https:\/\/farelliprofesional.com\/index.php\/author\/farelliprofesional\/\" title=\"Entradas de farelliprofesional\" rel=\"author\">farelliprofesional<\/a><\/span><\/span><span class=\"fusion-inline-sep\">|<\/span><span class=\"updated\" style=\"display:none;\">2022-07-08T16:56:36+00:00<\/span><span>enero 9th, 2022<\/span><span class=\"fusion-inline-sep\">|<\/span><\/p><div class=\"fusion-content-sep sep-double sep-solid\"><\/div><div class=\"fusion-post-content-container\"><p> En nuestro de colorimetr\u00eda 1 impartido por nuestra t\u00e9cnica Isel Ch\u00e1vez tuvimos la oportunidad de conocer<\/p><\/div><\/div><div class=\"fusion-meta-info\"><div class=\"fusion-alignleft\"><a class=\"fusion-read-more\" href=\"https:\/\/farelliprofesional.com\/index.php\/2022\/01\/09\/curso-genesis-del-color\/\" aria-label=\"More on CURSO GENESIS DEL COLOR\">Read More<\/a><\/div><div class=\"fusion-alignright\"><a href=\"https:\/\/farelliprofesional.com\/index.php\/2022\/01\/09\/curso-genesis-del-color\/#respond\"><i class=\"awb-icon-bubbles\" aria-hidden=\"true\"><\/i>&nbsp;0<\/a><\/div><\/div><\/div><div class=\"fusion-clearfix\"><\/div><\/div>\n<\/article>\n<div class=\"fusion-clearfix\"><\/div><\/div><\/div><\/div><\/div><\/div><\/div><\/p>\n","protected":false},"excerpt":{"rendered":"","protected":false},"author":1,"featured_media":0,"parent":0,"menu_order":0,"comment_status":"closed","ping_status":"closed","template":"100-width.php","meta":{"om_disable_all_campaigns":false,"_monsterinsights_skip_tracking":false,"_monsterinsights_sitenote_active":false,"_monsterinsights_sitenote_note":"","_monsterinsights_sitenote_category":0,"spay_email":"","footnotes":""},"class_list":["post-16560","page","type-page","status-publish","hentry"],"aioseo_notices":[],"_links":{"self":[{"href":"https:\/\/farelliprofesional.com\/index.php\/wp-json\/wp\/v2\/pages\/16560","targetHints":{"allow":["GET"]}}],"collection":[{"href":"https:\/\/farelliprofesional.com\/index.php\/wp-json\/wp\/v2\/pages"}],"about":[{"href":"https:\/\/farelliprofesional.com\/index.php\/wp-json\/wp\/v2\/types\/page"}],"author":[{"embeddable":true,"href":"https:\/\/farelliprofesional.com\/index.php\/wp-json\/wp\/v2\/users\/1"}],"replies":[{"embeddable":true,"href":"https:\/\/farelliprofesional.com\/index.php\/wp-json\/wp\/v2\/comments?post=16560"}],"version-history":[{"count":1,"href":"https:\/\/farelliprofesional.com\/index.php\/wp-json\/wp\/v2\/pages\/16560\/revisions"}],"predecessor-version":[{"id":20357,"href":"https:\/\/farelliprofesional.com\/index.php\/wp-json\/wp\/v2\/pages\/16560\/revisions\/20357"}],"wp:attachment":[{"href":"https:\/\/farelliprofesional.com\/index.php\/wp-json\/wp\/v2\/media?parent=16560"}],"curies":[{"name":"wp","href":"https:\/\/api.w.org\/{rel}","templated":true}]}}