{"id":20297,"date":"2022-07-05T17:48:01","date_gmt":"2022-07-05T17:48:01","guid":{"rendered":"https:\/\/farelliprofesional.com\/?post_type=product&#038;p=20297"},"modified":"2025-08-08T17:13:19","modified_gmt":"2025-08-08T17:13:19","slug":"gel-fresco","status":"publish","type":"product","link":"https:\/\/farelliprofesional.com\/index.php\/producto\/gel-fresco\/","title":{"rendered":"Gel Fresco"},"content":{"rendered":"<p>MODO DE EMPLEO:\u00a0Se aplica sobre cabello h\u00famedo y limpio, modelar al gusto. Se puede reactivar humedeciendo ligeramente el cabello.<\/p>\n<p>ACTIVOS:\u00a0Fijadores naturales y menta.<\/p>\n<p>IMPORTANTE:\u00a0Una vez seco, no se recomienda mover el cabello. PH 6.3 \u2013 6.7 No tiene implicaciones<\/p>\n","protected":false},"excerpt":{"rendered":"<p>Extra-Fijaci\u00f3n para el cabello en gel, libre de alcohol y residuos polvosos. Sirve para fijar el cabello y mantener el peinado durante el d\u00eda. Aporta brillo. El envase depresibles para aprovechar al m\u00e1ximo el producto. Su activo de menta aporta una sensaci\u00f3n de frescura y relajaci\u00f3n.<\/p>\n","protected":false},"featured_media":20862,"comment_status":"open","ping_status":"closed","template":"","meta":{"om_disable_all_campaigns":false,"_monsterinsights_skip_tracking":false,"_monsterinsights_sitenote_active":false,"_monsterinsights_sitenote_note":"","_monsterinsights_sitenote_category":0,"spay_email":""},"product_cat":[110,99,112,98],"product_tag":[],"class_list":["post-20297","product","type-product","status-publish","has-post-thumbnail","hentry","product_cat-barberia","product_cat-fijadores","product_cat-fijadores-barberia","product_cat-salon"],"aioseo_notices":[],"_links":{"self":[{"href":"https:\/\/farelliprofesional.com\/index.php\/wp-json\/wp\/v2\/product\/20297","targetHints":{"allow":["GET"]}}],"collection":[{"href":"https:\/\/farelliprofesional.com\/index.php\/wp-json\/wp\/v2\/product"}],"about":[{"href":"https:\/\/farelliprofesional.com\/index.php\/wp-json\/wp\/v2\/types\/product"}],"replies":[{"embeddable":true,"href":"https:\/\/farelliprofesional.com\/index.php\/wp-json\/wp\/v2\/comments?post=20297"}],"wp:featuredmedia":[{"embeddable":true,"href":"https:\/\/farelliprofesional.com\/index.php\/wp-json\/wp\/v2\/media\/20862"}],"wp:attachment":[{"href":"https:\/\/farelliprofesional.com\/index.php\/wp-json\/wp\/v2\/media?parent=20297"}],"wp:term":[{"taxonomy":"product_cat","embeddable":true,"href":"https:\/\/farelliprofesional.com\/index.php\/wp-json\/wp\/v2\/product_cat?post=20297"},{"taxonomy":"product_tag","embeddable":true,"href":"https:\/\/farelliprofesional.com\/index.php\/wp-json\/wp\/v2\/product_tag?post=20297"}],"curies":[{"name":"wp","href":"https:\/\/api.w.org\/{rel}","templated":true}]}}