{"id":20382,"date":"2022-07-18T13:39:28","date_gmt":"2022-07-18T13:39:28","guid":{"rendered":"https:\/\/farelliprofesional.com\/?post_type=product&#038;p=20382"},"modified":"2025-10-27T14:04:36","modified_gmt":"2025-10-27T14:04:36","slug":"proteina","status":"publish","type":"product","link":"https:\/\/farelliprofesional.com\/index.php\/producto\/proteina\/","title":{"rendered":"Prote\u00edna"},"content":{"rendered":"<p class=\"_04xlpA direction-ltr align-justify para-style-body\"><span class=\"JsGRdQ\">MODO DE EMPLEO:<\/span><span class=\"JsGRdQ\"> Aplique una peque\u00f1a cantidad en cabello h\u00famedo haciendo \u00e9nfasis en puntas y partes procesadas o maltratadas, no es necesario enjuagar.<\/span><\/p>\n<p class=\"_04xlpA direction-ltr align-justify para-style-body\"><span class=\"JsGRdQ\">Recomendable como tratamiento con calor bajo supervisi\u00f3n de un profesional.<\/span><\/p>\n<p class=\"_04xlpA direction-ltr align-justify para-style-body\"><span class=\"JsGRdQ\">\u00a0<\/span><span class=\"JsGRdQ\">ACTIVOS:<\/span><span class=\"JsGRdQ\"> Prote\u00edna hidrolizada, <strong>Vitamina E.<\/strong><\/span><\/p>\n<p class=\"_04xlpA direction-ltr align-justify para-style-body\"><span class=\"JsGRdQ\">\u00a0<\/span><span class=\"JsGRdQ\">IMPORTANTE:<\/span><span class=\"JsGRdQ\"> En exceso, podr\u00eda producir sensaci\u00f3n grasosa y pesada. Aplicar sobre cabello h\u00famedo. PH 4.5 \u2013 5.5<\/span><\/p>\n<p class=\"_04xlpA direction-ltr align-justify para-style-body\"><span class=\"JsGRdQ\">\u00a0<\/span><span class=\"JsGRdQ\">PRESENTACIONES:<\/span><span class=\"JsGRdQ\"> 120 ml y 1 lt.<\/span><\/p>\n","protected":false},"excerpt":{"rendered":"<p class=\"_04xlpA direction-ltr align-justify para-style-body\"><span class=\"JsGRdQ\">Es un tratamiento que restaura, nutre y fortalece el cabello, ideal para cabello procesado o maltratado.<\/span><\/p>\n<p class=\"_04xlpA direction-ltr align-justify para-style-body\"><span class=\"JsGRdQ\">Acondiciona dando brillo y suavidad, evita que se enrede. Contiene prote\u00edna hidrolizada cuaternizada para integrarse al cabello y restaurarlo.<\/span><\/p>\n","protected":false},"featured_media":20867,"comment_status":"open","ping_status":"closed","template":"","meta":{"om_disable_all_campaigns":false,"_monsterinsights_skip_tracking":false,"_monsterinsights_sitenote_active":false,"_monsterinsights_sitenote_note":"","_monsterinsights_sitenote_category":0,"spay_email":""},"product_cat":[98,100],"product_tag":[],"class_list":["post-20382","product","type-product","status-publish","has-post-thumbnail","hentry","product_cat-salon","product_cat-tratamientosencrema"],"aioseo_notices":[],"_links":{"self":[{"href":"https:\/\/farelliprofesional.com\/index.php\/wp-json\/wp\/v2\/product\/20382","targetHints":{"allow":["GET"]}}],"collection":[{"href":"https:\/\/farelliprofesional.com\/index.php\/wp-json\/wp\/v2\/product"}],"about":[{"href":"https:\/\/farelliprofesional.com\/index.php\/wp-json\/wp\/v2\/types\/product"}],"replies":[{"embeddable":true,"href":"https:\/\/farelliprofesional.com\/index.php\/wp-json\/wp\/v2\/comments?post=20382"}],"wp:featuredmedia":[{"embeddable":true,"href":"https:\/\/farelliprofesional.com\/index.php\/wp-json\/wp\/v2\/media\/20867"}],"wp:attachment":[{"href":"https:\/\/farelliprofesional.com\/index.php\/wp-json\/wp\/v2\/media?parent=20382"}],"wp:term":[{"taxonomy":"product_cat","embeddable":true,"href":"https:\/\/farelliprofesional.com\/index.php\/wp-json\/wp\/v2\/product_cat?post=20382"},{"taxonomy":"product_tag","embeddable":true,"href":"https:\/\/farelliprofesional.com\/index.php\/wp-json\/wp\/v2\/product_tag?post=20382"}],"curies":[{"name":"wp","href":"https:\/\/api.w.org\/{rel}","templated":true}]}}