{"id":20390,"date":"2022-07-18T14:01:20","date_gmt":"2022-07-18T14:01:20","guid":{"rendered":"https:\/\/farelliprofesional.com\/?post_type=product&#038;p=20390"},"modified":"2025-08-08T17:08:29","modified_gmt":"2025-08-08T17:08:29","slug":"polvo-decolorante-azul","status":"publish","type":"product","link":"https:\/\/farelliprofesional.com\/index.php\/producto\/polvo-decolorante-azul\/","title":{"rendered":"Polvo Decolorante Azul"},"content":{"rendered":"<p class=\"_04xlpA direction-ltr align-justify para-style-body\"><span class=\"JsGRdQ\">MODO DE EMPLEO:<\/span><span class=\"JsGRdQ\"> Formula 1+2, una parte del polvo y dos de per\u00f3xido.<\/span><\/p>\n<p class=\"_04xlpA direction-ltr align-justify para-style-body\"><span class=\"JsGRdQ\">Con per\u00f3xido de 20 logras 3 etapas y el tiempo de pose ser\u00e1 de 20 min .<\/span><\/p>\n<p class=\"_04xlpA direction-ltr align-justify para-style-body\"><span class=\"JsGRdQ\">Con per\u00f3xido de 30 logras4 etapas y el tiempo de pose ser\u00e1 de 25 min.<\/span><\/p>\n<p class=\"_04xlpA direction-ltr align-justify para-style-body\"><span class=\"JsGRdQ\">Con per\u00f3xido de 40 logras 6 etapas y el tiempo depose ser\u00e1 de 35 min<\/span><\/p>\n<p class=\"_04xlpA direction-ltr align-justify para-style-body\"><span class=\"JsGRdQ\">Se recomienda usar per\u00f3xidos de 10 o 20 vol\u00famenes y revisar avance de la decoloraci\u00f3n cada 5 minutos.Al mezclar hazlo con movimientos lineales, como si pintaras, no circulares para prevenir introducir aire a la mezcla.<\/span><\/p>\n<p class=\"_04xlpA direction-ltr align-justify para-style-body\"><span class=\"JsGRdQ\">\u00a0A<\/span><span class=\"JsGRdQ\">CTIVOS:<\/span><span class=\"JsGRdQ\"> Prote\u00edna hidrolizada, pantenol y emolientes<\/span><\/p>\n<p class=\"_04xlpA direction-ltr align-justify para-style-body\"><span class=\"JsGRdQ\">\u00a0<\/span><span class=\"JsGRdQ\">IMPORTANTE: <\/span><span class=\"JsGRdQ\">Evitar el contacto con los ojos, nunca aplicar en ceja, o p\u00e1rpados. En caso de exposici\u00f3n accidental lavar inmediatamente con abundante agualimpia. PH Alcalino, (propio del proceso).Almacenar muy bien cerrado, en lugar limpio y seco para conservar su potencia.<\/span><\/p>\n","protected":false},"excerpt":{"rendered":"<p><span class=\"JsGRdQ\">Para decolorar o hacer extracci\u00f3n de color. Contiene activos para cuidar el cabello, no esponja ni escurre, r\u00e1pida acci\u00f3n, m\u00ednimo da\u00f1o capilar con excelentes resultados. Ideal en trabajos de extracci\u00f3n de color y tonos m\u00e1s altos en rayos, cortinillas y mechas.<\/span><\/p>\n","protected":false},"featured_media":20878,"comment_status":"open","ping_status":"closed","template":"","meta":{"om_disable_all_campaigns":false,"_monsterinsights_skip_tracking":false,"_monsterinsights_sitenote_active":false,"_monsterinsights_sitenote_note":"","_monsterinsights_sitenote_category":0,"spay_email":""},"product_cat":[106],"product_tag":[],"class_list":["post-20390","product","type-product","status-publish","has-post-thumbnail","hentry","product_cat-color"],"aioseo_notices":[],"_links":{"self":[{"href":"https:\/\/farelliprofesional.com\/index.php\/wp-json\/wp\/v2\/product\/20390","targetHints":{"allow":["GET"]}}],"collection":[{"href":"https:\/\/farelliprofesional.com\/index.php\/wp-json\/wp\/v2\/product"}],"about":[{"href":"https:\/\/farelliprofesional.com\/index.php\/wp-json\/wp\/v2\/types\/product"}],"replies":[{"embeddable":true,"href":"https:\/\/farelliprofesional.com\/index.php\/wp-json\/wp\/v2\/comments?post=20390"}],"wp:featuredmedia":[{"embeddable":true,"href":"https:\/\/farelliprofesional.com\/index.php\/wp-json\/wp\/v2\/media\/20878"}],"wp:attachment":[{"href":"https:\/\/farelliprofesional.com\/index.php\/wp-json\/wp\/v2\/media?parent=20390"}],"wp:term":[{"taxonomy":"product_cat","embeddable":true,"href":"https:\/\/farelliprofesional.com\/index.php\/wp-json\/wp\/v2\/product_cat?post=20390"},{"taxonomy":"product_tag","embeddable":true,"href":"https:\/\/farelliprofesional.com\/index.php\/wp-json\/wp\/v2\/product_tag?post=20390"}],"curies":[{"name":"wp","href":"https:\/\/api.w.org\/{rel}","templated":true}]}}