{"id":20393,"date":"2022-07-18T14:08:01","date_gmt":"2022-07-18T14:08:01","guid":{"rendered":"https:\/\/farelliprofesional.com\/?post_type=product&#038;p=20393"},"modified":"2025-08-08T17:07:42","modified_gmt":"2025-08-08T17:07:42","slug":"gotas-de-seda","status":"publish","type":"product","link":"https:\/\/farelliprofesional.com\/index.php\/producto\/gotas-de-seda\/","title":{"rendered":"Gotas de Seda"},"content":{"rendered":"<p class=\"_04xlpA direction-ltr align-justify para-style-body\"><strong><span class=\"JsGRdQ\">\u00a0<\/span><span class=\"JsGRdQ\">MODO DE EMPLEO:<\/span><\/strong><\/p>\n<p class=\"_04xlpA direction-ltr align-justify para-style-body\"><span class=\"JsGRdQ\">Gotas de seda,<\/span><span class=\"JsGRdQ\"> aplicar unas gotas sobre las manos, frotar y distribuir en todo el cabello, ideal para antes del planchado.<\/span><\/p>\n<p class=\"_04xlpA direction-ltr align-justify para-style-body\"><span class=\"JsGRdQ\">\u00a0<\/span><strong><span class=\"JsGRdQ\">ACTIVOS:<\/span><\/strong><span class=\"JsGRdQ\"> Filtro solar, Vitamina E, Intensificadores de brillo de alta tecnolog\u00eda.<\/span><\/p>\n<p class=\"_04xlpA direction-ltr align-justify para-style-body\"><strong><span class=\"JsGRdQ\">\u00a0<\/span><span class=\"JsGRdQ\">IMPORTANTE:<\/span><\/strong><span class=\"JsGRdQ\"> Evitar el contacto con los ojos.<\/span><\/p>\n<p class=\"_04xlpA direction-ltr align-justify para-style-body\"><span class=\"JsGRdQ\">\u00a0<\/span><strong><span class=\"JsGRdQ\">PRESENTACIONES:<\/span><\/strong><span class=\"JsGRdQ\"> 125 ml y 30 ml.<\/span><\/p>\n","protected":false},"excerpt":{"rendered":"<p class=\"_04xlpA direction-ltr align-justify para-style-body\"><span class=\"JsGRdQ\">Goma de silicio con activos de alta tecnolog\u00eda,vitaminas,<\/span><\/p>\n<p class=\"_04xlpA direction-ltr align-justify para-style-body\"><span class=\"JsGRdQ\">protector t\u00e9rmico y filtro UV. Sella la cut\u00edcula, evita la oxidaci\u00f3n, la fricci\u00f3n y el frizz eliminando la est\u00e1tica del cabello. Aporta protecci\u00f3n t\u00e9rmica para los tratamientos de calor como el planchado,dando vida, brillo y suavidad al cabello.<\/span><\/p>\n<p class=\"_04xlpA direction-ltr align-justify para-style-body\"><span class=\"JsGRdQ\">No es grasoso, evita el polvo del medio ambiente, el filtro solar previene la perdida de color cosm\u00e9tico de los tintes y la Vitamina E mantiene tu cabello fuerte.<\/span><\/p>\n","protected":false},"featured_media":20863,"comment_status":"open","ping_status":"closed","template":"","meta":{"om_disable_all_campaigns":false,"_monsterinsights_skip_tracking":false,"_monsterinsights_sitenote_active":false,"_monsterinsights_sitenote_note":"","_monsterinsights_sitenote_category":0,"spay_email":""},"product_cat":[98,101],"product_tag":[],"class_list":["post-20393","product","type-product","status-publish","has-post-thumbnail","hentry","product_cat-salon","product_cat-sedas"],"aioseo_notices":[],"_links":{"self":[{"href":"https:\/\/farelliprofesional.com\/index.php\/wp-json\/wp\/v2\/product\/20393","targetHints":{"allow":["GET"]}}],"collection":[{"href":"https:\/\/farelliprofesional.com\/index.php\/wp-json\/wp\/v2\/product"}],"about":[{"href":"https:\/\/farelliprofesional.com\/index.php\/wp-json\/wp\/v2\/types\/product"}],"replies":[{"embeddable":true,"href":"https:\/\/farelliprofesional.com\/index.php\/wp-json\/wp\/v2\/comments?post=20393"}],"wp:featuredmedia":[{"embeddable":true,"href":"https:\/\/farelliprofesional.com\/index.php\/wp-json\/wp\/v2\/media\/20863"}],"wp:attachment":[{"href":"https:\/\/farelliprofesional.com\/index.php\/wp-json\/wp\/v2\/media?parent=20393"}],"wp:term":[{"taxonomy":"product_cat","embeddable":true,"href":"https:\/\/farelliprofesional.com\/index.php\/wp-json\/wp\/v2\/product_cat?post=20393"},{"taxonomy":"product_tag","embeddable":true,"href":"https:\/\/farelliprofesional.com\/index.php\/wp-json\/wp\/v2\/product_tag?post=20393"}],"curies":[{"name":"wp","href":"https:\/\/api.w.org\/{rel}","templated":true}]}}