{"id":20397,"date":"2022-07-18T14:14:39","date_gmt":"2022-07-18T14:14:39","guid":{"rendered":"https:\/\/farelliprofesional.com\/?post_type=product&#038;p=20397"},"modified":"2025-08-08T17:07:03","modified_gmt":"2025-08-08T17:07:03","slug":"toque-final","status":"publish","type":"product","link":"https:\/\/farelliprofesional.com\/index.php\/producto\/toque-final\/","title":{"rendered":"Toque Final"},"content":{"rendered":"<p class=\"_04xlpA direction-ltr align-justify para-style-body\"><strong><span class=\"JsGRdQ\">MODO DE EMPLEO:<\/span><\/strong><\/p>\n<p class=\"_04xlpA direction-ltr align-justify para-style-body\"><span class=\"JsGRdQ\">Aplicar atomizando sobre el cabello entre 40 y 50 cent\u00edmetros de distancia. Ideal para antes de planchar y finalizar. No es pesado ni deshace el peinado o moldeado.<\/span><\/p>\n<p class=\"_04xlpA direction-ltr align-justify para-style-body\"><strong><span class=\"JsGRdQ\">ACTIVOS:<\/span><\/strong><span class=\"JsGRdQ\"> Filtro solar, Vitamina E, Intensificadores de brillo de alta tecnolog\u00eda.<\/span><\/p>\n<p class=\"_04xlpA direction-ltr align-justify para-style-body\"><strong><span class=\"JsGRdQ\">IMPORTANTE:<\/span><\/strong><span class=\"JsGRdQ\"> Evitar el contacto con los ojos.<\/span><\/p>\n<p class=\"_04xlpA direction-ltr align-justify para-style-body\"><strong><span class=\"JsGRdQ\">PRESENTACIONES:<\/span><\/strong><span class=\"JsGRdQ\"> 125 ml y 30 ml.<\/span><\/p>\n","protected":false},"excerpt":{"rendered":"<p class=\"_04xlpA direction-ltr align-justify para-style-body\"><em><strong><span class=\"JsGRdQ\">Goma de silicio con activos de alta tecnolog\u00eda,vitaminas,<\/span><\/strong><\/em><\/p>\n<p class=\"_04xlpA direction-ltr align-justify para-style-body\"><span class=\"JsGRdQ\">Protector t\u00e9rmico y filtro UV. Sella la cut\u00edcula, evita la oxidaci\u00f3n, la fricci\u00f3n y el frizz eliminando la est\u00e1tica del cabello. Aporta protecci\u00f3n t\u00e9rmica para los tratamientos de calor como el planchado,dando vida, brillo y suavidad al cabello.<\/span><\/p>\n<p class=\"_04xlpA direction-ltr align-justify para-style-body\"><span class=\"JsGRdQ\">No es grasoso, evita el polvo del medio ambiente, el filtro solar previene la perdida de color cosm\u00e9tico de los tintes y la Vitamina E mantiene tu cabello fuerte.<\/span><\/p>\n<p class=\"_04xlpA direction-ltr align-justify para-style-body\"><span class=\"JsGRdQ\">\u00a0<\/span><\/p>\n","protected":false},"featured_media":20864,"comment_status":"open","ping_status":"closed","template":"","meta":{"om_disable_all_campaigns":false,"_monsterinsights_skip_tracking":false,"_monsterinsights_sitenote_active":false,"_monsterinsights_sitenote_note":"","_monsterinsights_sitenote_category":0,"spay_email":""},"product_cat":[98,101],"product_tag":[],"class_list":["post-20397","product","type-product","status-publish","has-post-thumbnail","hentry","product_cat-salon","product_cat-sedas"],"aioseo_notices":[],"_links":{"self":[{"href":"https:\/\/farelliprofesional.com\/index.php\/wp-json\/wp\/v2\/product\/20397","targetHints":{"allow":["GET"]}}],"collection":[{"href":"https:\/\/farelliprofesional.com\/index.php\/wp-json\/wp\/v2\/product"}],"about":[{"href":"https:\/\/farelliprofesional.com\/index.php\/wp-json\/wp\/v2\/types\/product"}],"replies":[{"embeddable":true,"href":"https:\/\/farelliprofesional.com\/index.php\/wp-json\/wp\/v2\/comments?post=20397"}],"wp:featuredmedia":[{"embeddable":true,"href":"https:\/\/farelliprofesional.com\/index.php\/wp-json\/wp\/v2\/media\/20864"}],"wp:attachment":[{"href":"https:\/\/farelliprofesional.com\/index.php\/wp-json\/wp\/v2\/media?parent=20397"}],"wp:term":[{"taxonomy":"product_cat","embeddable":true,"href":"https:\/\/farelliprofesional.com\/index.php\/wp-json\/wp\/v2\/product_cat?post=20397"},{"taxonomy":"product_tag","embeddable":true,"href":"https:\/\/farelliprofesional.com\/index.php\/wp-json\/wp\/v2\/product_tag?post=20397"}],"curies":[{"name":"wp","href":"https:\/\/api.w.org\/{rel}","templated":true}]}}