{"id":20431,"date":"2022-07-18T15:34:16","date_gmt":"2022-07-18T15:34:16","guid":{"rendered":"https:\/\/farelliprofesional.com\/?post_type=product&#038;p=20431"},"modified":"2025-08-08T16:54:59","modified_gmt":"2025-08-08T16:54:59","slug":"tonico-crecimiento","status":"publish","type":"product","link":"https:\/\/farelliprofesional.com\/index.php\/producto\/tonico-crecimiento\/","title":{"rendered":"T\u00f3nico Crecimiento"},"content":{"rendered":"<p class=\"_04xlpA direction-ltr align-justify para-style-body\"><strong><span class=\"JsGRdQ\">MODO DE EMPLEO:<\/span><\/strong><span class=\"JsGRdQ\"> Aplicar un disparo de producto en el \u00e1rea donde se est\u00e9 perdiendo\u00a0<\/span><span class=\"JsGRdQ\">el cabello y masajear suavemente con las yemas de los dedos.<\/span><\/p>\n<p class=\"_04xlpA direction-ltr align-justify para-style-body\"><strong><span class=\"JsGRdQ\">ACTIVOS: <\/span><\/strong><span class=\"JsGRdQ\">PANAX, GINSENG Y ARCTIUMMAJUS<\/span><span class=\"JsGRdQ\">: estimulan la micro circulaci\u00f3n y\u00a0<\/span><span class=\"JsGRdQ\">tienen un efecto anti microbial.<\/span><\/p>\n<p class=\"_04xlpA direction-ltr align-justify para-style-body\"><strong><span class=\"JsGRdQ\">ROMERO:<\/span><\/strong><span class=\"JsGRdQ\"> Antiinflamatorio, antis\u00e9ptico, antioxidante.<\/span><\/p>\n<p class=\"_04xlpA direction-ltr align-justify para-style-body\"><strong><span class=\"JsGRdQ\">BIOTINA:<\/span><\/strong><span class=\"JsGRdQ\"> Conocida como vitamina B8 y B7, se encarga de transformar\u00a0<\/span><span class=\"JsGRdQ\">la glucosa en energ\u00eda, mantener saludables las c\u00e9lulas del cabello.<\/span><\/p>\n<p class=\"_04xlpA direction-ltr align-justify para-style-body\"><strong><span class=\"JsGRdQ\">SULFOPEPTIDOS DE SOYA<\/span><\/strong><span class=\"JsGRdQ\"><strong>:<\/strong> regulan la nutrici\u00f3n y el crecimiento\u00a0<\/span><span class=\"JsGRdQ\">celular, estimulan la bios\u00edntesis de la prote\u00edna<\/span><\/p>\n<p class=\"_04xlpA direction-ltr align-justify para-style-body\"><strong><span class=\"JsGRdQ\">AMINO\u00c1CIDOS:<\/span><\/strong><span class=\"JsGRdQ\"> derivados de la tyrocina, arguinina orinitina ,citrulina:\u00a0<\/span><span class=\"JsGRdQ\">son precursores de la prote\u00edna y lospigmentos de melanina.<\/span><\/p>\n<p class=\"_04xlpA direction-ltr align-justify para-style-body\"><strong><span class=\"JsGRdQ\">AMINISAC\u00c1RIDOS:<\/span><\/strong><span class=\"JsGRdQ\"> glucosamina, GAC fortalece la papila extracelular y la matriz peribulbar.<\/span><\/p>\n<p class=\"_04xlpA direction-ltr align-justify para-style-body\"><strong><span class=\"JsGRdQ\">VITAMINAS<\/span><\/strong><span class=\"JsGRdQ\"> del grupo B (PP, B5 y Biotina) con sales de Zinc: toman\u00a0<\/span><span class=\"JsGRdQ\">parte en la regulaci\u00f3n de la nutrici\u00f3ncelular y la lipog\u00e9nesis, contrarrestan\u00a0<\/span><span class=\"JsGRdQ\">la deficiencia de vitamina B y oligoelementos.<\/span><\/p>\n<p class=\"_04xlpA direction-ltr align-justify para-style-body\"><strong><span class=\"JsGRdQ\">IMPORTANT<\/span><\/strong><span class=\"JsGRdQ\"><strong>E :<\/strong> Sin efectos secundarios.<\/span><\/p>\n","protected":false},"excerpt":{"rendered":"<p class=\"_04xlpA direction-ltr align-justify para-style-body\"><span class=\"JsGRdQ\">Ayuda a prevenir la p\u00e9rdida del cabello, estimula el crecimiento y\u00a0<\/span><span class=\"JsGRdQ\">aporta nutrientes necesarios para un buen funcionamiento de la producci\u00f3n del\u00a0<\/span><span class=\"JsGRdQ\">cabello.<\/span><\/p>\n<p class=\"_04xlpA direction-ltr align-justify para-style-body\"><span class=\"JsGRdQ\">Su alta concentraci\u00f3n de activos naturales garantiza excelentes\u00a0<\/span><span class=\"JsGRdQ\">resultados.<\/span><\/p>\n<p class=\"_04xlpA direction-ltr align-justify para-style-body\"><span class=\"JsGRdQ\">Estimula el metabolismo mejorando la oxigenaci\u00f3n celular y la\u00a0<\/span><span class=\"JsGRdQ\">micro circulaci\u00f3n de la piel.<\/span><\/p>\n<p class=\"_04xlpA direction-ltr align-justify para-style-body\"><span class=\"JsGRdQ\">Mejora la est\u00e9tica y sensorial del cabello, disminuye el aspecto grasoso,\u00a0<\/span><span class=\"JsGRdQ\">deja el cabello m\u00e1s manejable. Mejora el estado seborreico y de caspa en cuero cabelludo.<\/span><\/p>\n","protected":false},"featured_media":20888,"comment_status":"open","ping_status":"closed","template":"","meta":{"om_disable_all_campaigns":false,"_monsterinsights_skip_tracking":false,"_monsterinsights_sitenote_active":false,"_monsterinsights_sitenote_note":"","_monsterinsights_sitenote_category":0,"spay_email":""},"product_cat":[111,110,114],"product_tag":[],"class_list":["post-20431","product","type-product","status-publish","has-post-thumbnail","hentry","product_cat-barba","product_cat-barberia","product_cat-crecimiento"],"aioseo_notices":[],"_links":{"self":[{"href":"https:\/\/farelliprofesional.com\/index.php\/wp-json\/wp\/v2\/product\/20431","targetHints":{"allow":["GET"]}}],"collection":[{"href":"https:\/\/farelliprofesional.com\/index.php\/wp-json\/wp\/v2\/product"}],"about":[{"href":"https:\/\/farelliprofesional.com\/index.php\/wp-json\/wp\/v2\/types\/product"}],"replies":[{"embeddable":true,"href":"https:\/\/farelliprofesional.com\/index.php\/wp-json\/wp\/v2\/comments?post=20431"}],"wp:featuredmedia":[{"embeddable":true,"href":"https:\/\/farelliprofesional.com\/index.php\/wp-json\/wp\/v2\/media\/20888"}],"wp:attachment":[{"href":"https:\/\/farelliprofesional.com\/index.php\/wp-json\/wp\/v2\/media?parent=20431"}],"wp:term":[{"taxonomy":"product_cat","embeddable":true,"href":"https:\/\/farelliprofesional.com\/index.php\/wp-json\/wp\/v2\/product_cat?post=20431"},{"taxonomy":"product_tag","embeddable":true,"href":"https:\/\/farelliprofesional.com\/index.php\/wp-json\/wp\/v2\/product_tag?post=20431"}],"curies":[{"name":"wp","href":"https:\/\/api.w.org\/{rel}","templated":true}]}}