{"id":20432,"date":"2022-07-18T15:42:51","date_gmt":"2022-07-18T15:42:51","guid":{"rendered":"https:\/\/farelliprofesional.com\/?post_type=product&#038;p=20432"},"modified":"2025-08-08T16:53:55","modified_gmt":"2025-08-08T16:53:55","slug":"minoxidil-en-crema","status":"publish","type":"product","link":"https:\/\/farelliprofesional.com\/index.php\/producto\/minoxidil-en-crema\/","title":{"rendered":"Gel con Minoxidil"},"content":{"rendered":"<p class=\"_04xlpA direction-ltr align-justify para-style-body\"><span class=\"JsGRdQ\"><strong>Modo de empleo<\/strong>.- Aplicar una peque\u00f1a cantidad despu\u00e9s del rasurado sobre la piel dando un peque\u00f1o masaje. De igual manera se puede aplicar en la barba para acondicionar el bello.<\/span><\/p>\n<p class=\"_04xlpA direction-ltr align-justify para-style-body\"><span class=\"JsGRdQ\"><strong>Activos<\/strong>.-<\/span><span class=\"JsGRdQ\"> Minoxidil.<\/span><\/p>\n<p class=\"_04xlpA direction-ltr align-justify para-style-body\"><strong><span class=\"JsGRdQ\">Contenido neto<\/span><\/strong><span class=\"JsGRdQ\">.- 60 ml.<\/span><\/p>\n<p class=\"_04xlpA direction-ltr align-justify para-style-body\"><span class=\"JsGRdQ\"><strong>Importante<\/strong>.-<\/span><span class=\"JsGRdQ\"> Conservar en un lugar seco y fresco. No exponer a altas a temperaturas<\/span><\/p>\n","protected":false},"excerpt":{"rendered":"<p class=\"_04xlpA direction-ltr align-justify para-style-body\"><span class=\"JsGRdQ\">Gel facial que hidrata la piel y estimula el crecimiento del vello. Acondiciona la barba d\u00e1ndole un aspecto humectado y suave.<\/span><\/p>\n<p class=\"_04xlpA direction-ltr align-justify para-style-body\"><span class=\"JsGRdQ\">Su activo de minoxidil estimula la microcirculaci\u00f3n, abre los poros para favorecer el crecimiento.\u00a0<\/span><\/p>\n<p class=\"_04xlpA direction-ltr align-justify para-style-body\"><span class=\"JsGRdQ\">Una piel suave y fresca, una barba tupida e imponente, son los resultados que el uso de la crema con minoxidil y bergamota dar\u00e1n a tu barba y piel.<\/span><\/p>\n","protected":false},"featured_media":20891,"comment_status":"open","ping_status":"closed","template":"","meta":{"om_disable_all_campaigns":false,"_monsterinsights_skip_tracking":false,"_monsterinsights_sitenote_active":false,"_monsterinsights_sitenote_note":"","_monsterinsights_sitenote_category":0,"spay_email":""},"product_cat":[111,110,114],"product_tag":[],"class_list":["post-20432","product","type-product","status-publish","has-post-thumbnail","hentry","product_cat-barba","product_cat-barberia","product_cat-crecimiento"],"aioseo_notices":[],"_links":{"self":[{"href":"https:\/\/farelliprofesional.com\/index.php\/wp-json\/wp\/v2\/product\/20432","targetHints":{"allow":["GET"]}}],"collection":[{"href":"https:\/\/farelliprofesional.com\/index.php\/wp-json\/wp\/v2\/product"}],"about":[{"href":"https:\/\/farelliprofesional.com\/index.php\/wp-json\/wp\/v2\/types\/product"}],"replies":[{"embeddable":true,"href":"https:\/\/farelliprofesional.com\/index.php\/wp-json\/wp\/v2\/comments?post=20432"}],"wp:featuredmedia":[{"embeddable":true,"href":"https:\/\/farelliprofesional.com\/index.php\/wp-json\/wp\/v2\/media\/20891"}],"wp:attachment":[{"href":"https:\/\/farelliprofesional.com\/index.php\/wp-json\/wp\/v2\/media?parent=20432"}],"wp:term":[{"taxonomy":"product_cat","embeddable":true,"href":"https:\/\/farelliprofesional.com\/index.php\/wp-json\/wp\/v2\/product_cat?post=20432"},{"taxonomy":"product_tag","embeddable":true,"href":"https:\/\/farelliprofesional.com\/index.php\/wp-json\/wp\/v2\/product_tag?post=20432"}],"curies":[{"name":"wp","href":"https:\/\/api.w.org\/{rel}","templated":true}]}}