{"id":20454,"date":"2022-07-18T20:44:03","date_gmt":"2022-07-18T20:44:03","guid":{"rendered":"https:\/\/farelliprofesional.com\/?post_type=product&#038;p=20454"},"modified":"2025-08-08T16:50:17","modified_gmt":"2025-08-08T16:50:17","slug":"shampoo-bergamota","status":"publish","type":"product","link":"https:\/\/farelliprofesional.com\/index.php\/producto\/shampoo-bergamota\/","title":{"rendered":"Shampoo Bergamota"},"content":{"rendered":"<p class=\"_04xlpA direction-ltr align-justify para-style-body\"><strong><span class=\"JsGRdQ\">\u00a0<\/span><span class=\"JsGRdQ\">MODO DE EMPLEO:<\/span><\/strong><span class=\"JsGRdQ\"> Lavar el cabello preferentemente con agua fr\u00eda o tibia, dando masaje en la piel capilar con la yema de los dedos, se deja reposar unos minutos y enjuaga. Para mejores resultados repetir la operaci\u00f3n. Utilizar Shampoo de Bergamota diariamente hasta controlar la seborrea.<\/span><\/p>\n<p class=\"_04xlpA direction-ltr align-justify para-style-body\"><strong><span class=\"JsGRdQ\">\u00a0<\/span><span class=\"JsGRdQ\">ACTIVOS<\/span><\/strong><span class=\"JsGRdQ\"><strong>:<\/strong> Bergamota, Ginseng panax, artium magus, biotina, extractos\u00a0<\/span><span class=\"JsGRdQ\">herbales, pantenol, aminoacidos, amino sac\u00e1ridos, vitamina B 2-12,antimic\u00f3tico, desinfectantes, antibacteriales, y m\u00e1s. \u00a0Ver etiqueta.<\/span><\/p>\n<p class=\"_04xlpA direction-ltr align-justify para-style-body\"><strong><span class=\"JsGRdQ\">\u00a0<\/span><span class=\"JsGRdQ\">IMPORTANTE:<\/span><\/strong><span class=\"JsGRdQ\"> Evitar la luz y rayos solares, el calor afecta la efectividad de<\/span><\/p>\n<p class=\"_04xlpA direction-ltr align-justify para-style-body\"><span class=\"JsGRdQ\">la formula. PH 5.5 a 6.<\/span><\/p>\n","protected":false},"excerpt":{"rendered":"<p><span class=\"JsGRdQ\">Es un shampoo auxiliar en la prevenci\u00f3n de la ca\u00edda del cabello,\u00a0<\/span><span class=\"JsGRdQ\">elimina la grasa de la piel capilar sin maltratar el cabello y aportando\u00a0<\/span><span class=\"JsGRdQ\">nutrientes esenciales. La Bergamota ayuda a estimular los poros de la piel,\u00a0<\/span><span class=\"JsGRdQ\">abrirlos y purificarlos, contribuyendo al paso del vello. Los extractos\u00a0<\/span><span class=\"JsGRdQ\">herbales aportan vitaminas y estimulan la microcirculaci\u00f3n sangu\u00ednea para el adecuado funcionamiento del fol\u00edculo piloso logrando un cabello sano y abundante.<\/span> <span class=\"JsGRdQ\">(Si la alopecia es por problemas hormonales o hereditarias,\u00a0<\/span><span class=\"JsGRdQ\">consulte a su medico).<\/span><\/p>\n","protected":false},"featured_media":20890,"comment_status":"open","ping_status":"closed","template":"","meta":{"om_disable_all_campaigns":false,"_monsterinsights_skip_tracking":false,"_monsterinsights_sitenote_active":false,"_monsterinsights_sitenote_note":"","_monsterinsights_sitenote_category":0,"spay_email":""},"product_cat":[110,114,113],"product_tag":[],"class_list":["post-20454","product","type-product","status-publish","has-post-thumbnail","hentry","product_cat-barberia","product_cat-crecimiento","product_cat-shampoo-barberia"],"aioseo_notices":[],"_links":{"self":[{"href":"https:\/\/farelliprofesional.com\/index.php\/wp-json\/wp\/v2\/product\/20454","targetHints":{"allow":["GET"]}}],"collection":[{"href":"https:\/\/farelliprofesional.com\/index.php\/wp-json\/wp\/v2\/product"}],"about":[{"href":"https:\/\/farelliprofesional.com\/index.php\/wp-json\/wp\/v2\/types\/product"}],"replies":[{"embeddable":true,"href":"https:\/\/farelliprofesional.com\/index.php\/wp-json\/wp\/v2\/comments?post=20454"}],"wp:featuredmedia":[{"embeddable":true,"href":"https:\/\/farelliprofesional.com\/index.php\/wp-json\/wp\/v2\/media\/20890"}],"wp:attachment":[{"href":"https:\/\/farelliprofesional.com\/index.php\/wp-json\/wp\/v2\/media?parent=20454"}],"wp:term":[{"taxonomy":"product_cat","embeddable":true,"href":"https:\/\/farelliprofesional.com\/index.php\/wp-json\/wp\/v2\/product_cat?post=20454"},{"taxonomy":"product_tag","embeddable":true,"href":"https:\/\/farelliprofesional.com\/index.php\/wp-json\/wp\/v2\/product_tag?post=20454"}],"curies":[{"name":"wp","href":"https:\/\/api.w.org\/{rel}","templated":true}]}}