{"id":20489,"date":"2022-07-21T15:14:05","date_gmt":"2022-07-21T15:14:05","guid":{"rendered":"https:\/\/farelliprofesional.com\/?post_type=product&#038;p=20489"},"modified":"2025-08-08T16:45:20","modified_gmt":"2025-08-08T16:45:20","slug":"crema-matizadora","status":"publish","type":"product","link":"https:\/\/farelliprofesional.com\/index.php\/producto\/crema-matizadora\/","title":{"rendered":"Crema Matizadora"},"content":{"rendered":"<p class=\"_04xlpA direction-ltr align-justify para-style-body\"><strong><span class=\"JsGRdQ\">MODO DE EMPLEO :<\/span><\/strong><span class=\"JsGRdQ\"> Se aplica sobre cabello h\u00famedo (ya sin escurrir) despu\u00e9s del ba\u00f1o. No es necesario enjuagar. Aplicar la misma cantidad que se utiliza de shampoo distribuye en el cabello de medios a puntas y cepillar. Se recomienda usar despu\u00e9s del ba\u00f1o donde se intensific\u00f3 o matizo el color con el Shampoo.<\/span><\/p>\n<p class=\"_04xlpA direction-ltr align-justify para-style-body\"><strong><span class=\"JsGRdQ\">\u00a0<\/span><span class=\"JsGRdQ\">ACTIVOS:<\/span><\/strong><span class=\"JsGRdQ\"> Prote\u00edna hidrolizada, pantenol y pigmentos de alta tecnologia.<\/span><\/p>\n<p class=\"_04xlpA direction-ltr align-justify para-style-body\"><strong><span class=\"JsGRdQ\">\u00a0<\/span><span class=\"JsGRdQ\">IMPORTANTE:<\/span><\/strong><span class=\"JsGRdQ\"> Evitar el contacto con los ojos. Evitar el exceso para prevenir manchar textiles. PH 4.5 \u2013 5.5 (cierra cut\u00edcula)<\/span><\/p>\n","protected":false},"excerpt":{"rendered":"<p class=\"_04xlpA direction-ltr align-justify para-style-body\"><span class=\"JsGRdQ\">Ayudan a mantener el color cosm\u00e9tico en buen estado \u00a0por m\u00e1s tiempo prologando su vida \u00fatil. Realza su belleza intensidad y brillo ademas de nutrirlo e hidratarlo gracias a la prote\u00edna y pantenol. Ideal para trabajos de color dejando un cabello hermoso.<\/span><\/p>\n<p class=\"_04xlpA direction-ltr align-justify para-style-body\"><span class=\"JsGRdQ\">Tratamiento matizador <\/span><span class=\"JsGRdQ\">violeta<\/span><span class=\"JsGRdQ\"> en crema, neutraliza los visos amarillos y naranjas del cabello. En cabello amarillo obtienes reflejos Nacarados.<\/span><\/p>\n<p class=\"_04xlpA direction-ltr align-justify para-style-body\"><span class=\"JsGRdQ\">Tratamiento matizador <\/span><span class=\"JsGRdQ\">Negro<\/span><span class=\"JsGRdQ\"> en crema ideal para dar profundidad tonos oscuros o para platinar y cenizar el cabello en alturas superiores a 8. \u00datil para matizar canas y eliminar el reflejo blanco.<\/span><\/p>\n","protected":false},"featured_media":20876,"comment_status":"open","ping_status":"closed","template":"","meta":{"om_disable_all_campaigns":false,"_monsterinsights_skip_tracking":false,"_monsterinsights_sitenote_active":false,"_monsterinsights_sitenote_note":"","_monsterinsights_sitenote_category":0,"spay_email":""},"product_cat":[103,98,100],"product_tag":[],"class_list":["post-20489","product","type-product","status-publish","has-post-thumbnail","hentry","product_cat-matizadores","product_cat-salon","product_cat-tratamientosencrema"],"aioseo_notices":[],"_links":{"self":[{"href":"https:\/\/farelliprofesional.com\/index.php\/wp-json\/wp\/v2\/product\/20489","targetHints":{"allow":["GET"]}}],"collection":[{"href":"https:\/\/farelliprofesional.com\/index.php\/wp-json\/wp\/v2\/product"}],"about":[{"href":"https:\/\/farelliprofesional.com\/index.php\/wp-json\/wp\/v2\/types\/product"}],"replies":[{"embeddable":true,"href":"https:\/\/farelliprofesional.com\/index.php\/wp-json\/wp\/v2\/comments?post=20489"}],"wp:featuredmedia":[{"embeddable":true,"href":"https:\/\/farelliprofesional.com\/index.php\/wp-json\/wp\/v2\/media\/20876"}],"wp:attachment":[{"href":"https:\/\/farelliprofesional.com\/index.php\/wp-json\/wp\/v2\/media?parent=20489"}],"wp:term":[{"taxonomy":"product_cat","embeddable":true,"href":"https:\/\/farelliprofesional.com\/index.php\/wp-json\/wp\/v2\/product_cat?post=20489"},{"taxonomy":"product_tag","embeddable":true,"href":"https:\/\/farelliprofesional.com\/index.php\/wp-json\/wp\/v2\/product_tag?post=20489"}],"curies":[{"name":"wp","href":"https:\/\/api.w.org\/{rel}","templated":true}]}}