{"id":20494,"date":"2022-07-21T15:16:59","date_gmt":"2022-07-21T15:16:59","guid":{"rendered":"https:\/\/farelliprofesional.com\/?post_type=product&#038;p=20494"},"modified":"2025-08-08T16:42:33","modified_gmt":"2025-08-08T16:42:33","slug":"triple-accion","status":"publish","type":"product","link":"https:\/\/farelliprofesional.com\/index.php\/producto\/triple-accion\/","title":{"rendered":"Triple Acci\u00f3n"},"content":{"rendered":"<p class=\"_04xlpA direction-ltr align-justify para-style-body\"><strong><span class=\"JsGRdQ\">MODO DE EMPLEO:<\/span><\/strong><span class=\"JsGRdQ\"> Aplicar despu\u00e9s del ba\u00f1o, en cabello h\u00famedo. Distribuir muy bien de medios a puntas. Facilita el peinado, se puede usar para desenredar y moldear el cabello. Ideal despu\u00e9s de aplicar tintes Colore by Farelli. Sirve como tratamiento intensivo usando gorra t\u00e9rmica supervisado por un profesional.<\/span><\/p>\n<p class=\"_04xlpA direction-ltr align-justify para-style-body\"><strong><span class=\"JsGRdQ\">\u00a0<\/span><span class=\"JsGRdQ\">IMPORTANTE:<\/span><\/strong><span class=\"JsGRdQ\"> En exceso, podr\u00eda producir sensaci\u00f3n grasosa y pesada. Aplicar sobre cabello h\u00famedo. PH 4.5 \u2013 5.5<\/span><\/p>\n<p class=\"_04xlpA direction-ltr align-justify para-style-body\"><strong><span class=\"JsGRdQ\">\u00a0<\/span><span class=\"JsGRdQ\">PRESENTACIONES:<\/span><\/strong><span class=\"JsGRdQ\"> 250 ml y 1 lt.<\/span><\/p>\n","protected":false},"excerpt":{"rendered":"<p class=\"_04xlpA direction-ltr align-justify para-style-body\"><span class=\"JsGRdQ\">Es una crema acondicionadora, hidratante y reconstructiva para el cabello con 3 activos: Col\u00e1geno, Pantenol y Vitaminas A&amp;E.<\/span><\/p>\n<p class=\"_04xlpA direction-ltr align-justify para-style-body\"><span class=\"JsGRdQ\">Repone el col\u00e1geno y elastina perdidos en tratamientos qu\u00edmicos y por contaminaci\u00f3n ambiental,el pantenol ayuda a hidratar el cabello, vitamina A&amp;E previenen el envejecimiento dela fibra capilar.<\/span><\/p>\n<p class=\"_04xlpA direction-ltr align-justify para-style-body\"><span class=\"JsGRdQ\">Desenreda y previene la orzuela brindando fuerza y resistencia.<\/span><\/p>\n","protected":false},"featured_media":20866,"comment_status":"open","ping_status":"closed","template":"","meta":{"om_disable_all_campaigns":false,"_monsterinsights_skip_tracking":false,"_monsterinsights_sitenote_active":false,"_monsterinsights_sitenote_note":"","_monsterinsights_sitenote_category":0,"spay_email":""},"product_cat":[98,100],"product_tag":[],"class_list":["post-20494","product","type-product","status-publish","has-post-thumbnail","hentry","product_cat-salon","product_cat-tratamientosencrema"],"aioseo_notices":[],"_links":{"self":[{"href":"https:\/\/farelliprofesional.com\/index.php\/wp-json\/wp\/v2\/product\/20494","targetHints":{"allow":["GET"]}}],"collection":[{"href":"https:\/\/farelliprofesional.com\/index.php\/wp-json\/wp\/v2\/product"}],"about":[{"href":"https:\/\/farelliprofesional.com\/index.php\/wp-json\/wp\/v2\/types\/product"}],"replies":[{"embeddable":true,"href":"https:\/\/farelliprofesional.com\/index.php\/wp-json\/wp\/v2\/comments?post=20494"}],"wp:featuredmedia":[{"embeddable":true,"href":"https:\/\/farelliprofesional.com\/index.php\/wp-json\/wp\/v2\/media\/20866"}],"wp:attachment":[{"href":"https:\/\/farelliprofesional.com\/index.php\/wp-json\/wp\/v2\/media?parent=20494"}],"wp:term":[{"taxonomy":"product_cat","embeddable":true,"href":"https:\/\/farelliprofesional.com\/index.php\/wp-json\/wp\/v2\/product_cat?post=20494"},{"taxonomy":"product_tag","embeddable":true,"href":"https:\/\/farelliprofesional.com\/index.php\/wp-json\/wp\/v2\/product_tag?post=20494"}],"curies":[{"name":"wp","href":"https:\/\/api.w.org\/{rel}","templated":true}]}}