{"id":20505,"date":"2022-07-21T16:30:10","date_gmt":"2022-07-21T16:30:10","guid":{"rendered":"https:\/\/farelliprofesional.com\/?post_type=product&#038;p=20505"},"modified":"2025-08-08T16:40:45","modified_gmt":"2025-08-08T16:40:45","slug":"aditivo-para-canas","status":"publish","type":"product","link":"https:\/\/farelliprofesional.com\/index.php\/producto\/aditivo-para-canas\/","title":{"rendered":"Aditivo para Canas"},"content":{"rendered":"<p class=\"_04xlpA direction-ltr align-justify para-style-body\"><strong><span class=\"JsGRdQ\">MODO DE EMPLEO:<\/span><\/strong><span class=\"JsGRdQ\"> Se mezcla con tinte, en proporci\u00f3n de una gota de por cada 10 ml\u00a0<\/span><span class=\"JsGRdQ\">de tinte o 10 diez gotas por tubo completo.<\/span><\/p>\n<p class=\"_04xlpA direction-ltr align-justify para-style-body\"><strong><span class=\"JsGRdQ\">\u00a0<\/span><span class=\"JsGRdQ\">IMPORTANTE:<\/span><\/strong><span class=\"JsGRdQ\"> Evitar el contacto con piel y ojos.<\/span><\/p>\n","protected":false},"excerpt":{"rendered":"<p class=\"_04xlpA direction-ltr align-justify para-style-body\"><span class=\"JsGRdQ\">Gotas que ayudan en la coloraci\u00f3n de las canas muy duras o dif\u00edciles deste\u00f1ir. Sus activos sensibilizan las canas duras y permiten te\u00f1ir <\/span><span class=\"JsGRdQ\">con mejor fijaci\u00f3n el color cosm\u00e9tico deseado, logrando resultados excepcionales, <\/span><span class=\"JsGRdQ\">con mayor duraci\u00f3n y mejor cubrimiento de canas.<\/span><\/p>\n","protected":false},"featured_media":20880,"comment_status":"open","ping_status":"closed","template":"","meta":{"om_disable_all_campaigns":false,"_monsterinsights_skip_tracking":false,"_monsterinsights_sitenote_active":false,"_monsterinsights_sitenote_note":"","_monsterinsights_sitenote_category":0,"spay_email":""},"product_cat":[106,98],"product_tag":[],"class_list":["post-20505","product","type-product","status-publish","has-post-thumbnail","hentry","product_cat-color","product_cat-salon"],"aioseo_notices":[],"_links":{"self":[{"href":"https:\/\/farelliprofesional.com\/index.php\/wp-json\/wp\/v2\/product\/20505","targetHints":{"allow":["GET"]}}],"collection":[{"href":"https:\/\/farelliprofesional.com\/index.php\/wp-json\/wp\/v2\/product"}],"about":[{"href":"https:\/\/farelliprofesional.com\/index.php\/wp-json\/wp\/v2\/types\/product"}],"replies":[{"embeddable":true,"href":"https:\/\/farelliprofesional.com\/index.php\/wp-json\/wp\/v2\/comments?post=20505"}],"wp:featuredmedia":[{"embeddable":true,"href":"https:\/\/farelliprofesional.com\/index.php\/wp-json\/wp\/v2\/media\/20880"}],"wp:attachment":[{"href":"https:\/\/farelliprofesional.com\/index.php\/wp-json\/wp\/v2\/media?parent=20505"}],"wp:term":[{"taxonomy":"product_cat","embeddable":true,"href":"https:\/\/farelliprofesional.com\/index.php\/wp-json\/wp\/v2\/product_cat?post=20505"},{"taxonomy":"product_tag","embeddable":true,"href":"https:\/\/farelliprofesional.com\/index.php\/wp-json\/wp\/v2\/product_tag?post=20505"}],"curies":[{"name":"wp","href":"https:\/\/api.w.org\/{rel}","templated":true}]}}