{"id":20849,"date":"2024-11-08T19:17:21","date_gmt":"2024-11-08T19:17:21","guid":{"rendered":"https:\/\/farelliprofesional.com\/?post_type=product&#038;p=20849"},"modified":"2025-08-08T17:16:34","modified_gmt":"2025-08-08T17:16:34","slug":"decolorante","status":"publish","type":"product","link":"https:\/\/farelliprofesional.com\/index.php\/producto\/decolorante\/","title":{"rendered":"Decolorante Luxe Light"},"content":{"rendered":"<p>Para decolorar o hacer extracci\u00f3n de color. Contiene activos para cuidar el cabello, no esponja ni escurre, r\u00e1pida acci\u00f3n, m\u00ednimo da\u00f1o capilar con excelentes resultados. Ideal en trabajos de extracci\u00f3n de color y tonos m\u00e1s altos en rayos, cortinillas y mechas.<\/p>\n","protected":false},"excerpt":{"rendered":"<p class=\"_04xlpA direction-ltr align-justify para-style-body\"><span class=\"JsGRdQ\">MODO DE EMPLEO:<\/span><span class=\"JsGRdQ\">\u00a0Formula 1+2, una parte del polvo y dos de per\u00f3xido.<\/span><\/p>\n<p class=\"_04xlpA direction-ltr align-justify para-style-body\"><span class=\"JsGRdQ\">Con per\u00f3xido de 20 logras 3 etapas y el tiempo de pose ser\u00e1 de 20 min .<\/span><\/p>\n<p class=\"_04xlpA direction-ltr align-justify para-style-body\"><span class=\"JsGRdQ\">Con per\u00f3xido de 30 logras4 etapas y el tiempo de pose ser\u00e1 de 25 min.<\/span><\/p>\n<p class=\"_04xlpA direction-ltr align-justify para-style-body\"><span class=\"JsGRdQ\">Con per\u00f3xido de 40 logras 6 etapas y el tiempo depose ser\u00e1 de 35 min<\/span><\/p>\n<p class=\"_04xlpA direction-ltr align-justify para-style-body\"><span class=\"JsGRdQ\">Se recomienda usar per\u00f3xidos de 10 o 20 vol\u00famenes y revisar avance de la decoloraci\u00f3n cada 5 minutos.Al mezclar hazlo con movimientos lineales, como si pintaras, no circulares para prevenir introducir aire a la mezcla.<\/span><\/p>\n<p class=\"_04xlpA direction-ltr align-justify para-style-body\"><span class=\"JsGRdQ\">\u00a0A<\/span><span class=\"JsGRdQ\">CTIVOS:<\/span><span class=\"JsGRdQ\">\u00a0Prote\u00edna hidrolizada, pantenol y emolientes<\/span><\/p>\n<p class=\"_04xlpA direction-ltr align-justify para-style-body\"><span class=\"JsGRdQ\">\u00a0<\/span><span class=\"JsGRdQ\">IMPORTANTE:\u00a0<\/span><span class=\"JsGRdQ\">Evitar el contacto con los ojos, nunca aplicar en ceja, o p\u00e1rpados. En caso de exposici\u00f3n accidental lavar inmediatamente con abundante agualimpia. PH Alcalino, (propio del proceso).Almacenar muy bien cerrado, en lugar limpio y seco para conservar su potencia.<\/span><\/p>\n","protected":false},"featured_media":20879,"comment_status":"open","ping_status":"closed","template":"","meta":{"om_disable_all_campaigns":false,"_monsterinsights_skip_tracking":false,"_monsterinsights_sitenote_active":false,"_monsterinsights_sitenote_note":"","_monsterinsights_sitenote_category":0,"spay_email":""},"product_cat":[15,106],"product_tag":[],"class_list":["post-20849","product","type-product","status-publish","has-post-thumbnail","hentry","product_cat-sin-categorizar","product_cat-color"],"aioseo_notices":[],"_links":{"self":[{"href":"https:\/\/farelliprofesional.com\/index.php\/wp-json\/wp\/v2\/product\/20849","targetHints":{"allow":["GET"]}}],"collection":[{"href":"https:\/\/farelliprofesional.com\/index.php\/wp-json\/wp\/v2\/product"}],"about":[{"href":"https:\/\/farelliprofesional.com\/index.php\/wp-json\/wp\/v2\/types\/product"}],"replies":[{"embeddable":true,"href":"https:\/\/farelliprofesional.com\/index.php\/wp-json\/wp\/v2\/comments?post=20849"}],"wp:featuredmedia":[{"embeddable":true,"href":"https:\/\/farelliprofesional.com\/index.php\/wp-json\/wp\/v2\/media\/20879"}],"wp:attachment":[{"href":"https:\/\/farelliprofesional.com\/index.php\/wp-json\/wp\/v2\/media?parent=20849"}],"wp:term":[{"taxonomy":"product_cat","embeddable":true,"href":"https:\/\/farelliprofesional.com\/index.php\/wp-json\/wp\/v2\/product_cat?post=20849"},{"taxonomy":"product_tag","embeddable":true,"href":"https:\/\/farelliprofesional.com\/index.php\/wp-json\/wp\/v2\/product_tag?post=20849"}],"curies":[{"name":"wp","href":"https:\/\/api.w.org\/{rel}","templated":true}]}}